{"id":988,"date":"2026-01-19T10:17:13","date_gmt":"2026-01-19T09:17:13","guid":{"rendered":"https:\/\/zl.ohp.pl\/zl-migowy\/?page_id=988"},"modified":"2026-01-19T10:19:53","modified_gmt":"2026-01-19T09:19:53","slug":"nowy-sposob-rezerwacji-rozmowy-migowej-w-serwisie-zielona-linia","status":"publish","type":"page","link":"http:\/\/zl.ohp.pl\/zl-migowy\/","title":{"rendered":"Nowy spos\u00f3b rezerwacji rozmowy migowej w serwisie Zielona Linia"},"content":{"rendered":"\n<p><\/p>\n\n\n\n<h2 class=\"wp-block-heading\"><strong>Nowy spos\u00f3b rezerwacji rozmowy migowej w serwisie Zielona Linia<\/strong><\/h2>\n\n\n\n<p>Aby zarezerwowa\u0107 rozmow\u0119 w j\u0119zyku migowym przejd\u017c na stron\u0119 g\u0142\u00f3wn\u0105 Zielonej Linii pod adresem <a href=\"https:\/\/zielonalinia.gov.pl\" data-type=\"link\" data-id=\"https:\/\/zielonalinia.gov.pl\" target=\"_blank\" rel=\"noreferrer noopener nofollow\">zielonalinia.gov.pl<\/a> a nastepnie kliknij przycisk &#8222;Zam\u00f3w rozmow\u0119 w j\u0119zyku migowym&#8221; dost\u0119pny na g\u00f3rze strony.<\/p>\n\n\n\n<p><\/p>\n","protected":false},"excerpt":{"rendered":"<p>Nowy spos\u00f3b rezerwacji rozmowy migowej w serwisie Zielona Linia Aby zarezerwowa\u0107 rozmow\u0119 w j\u0119zyku migowym przejd\u017c na stron\u0119 g\u0142\u00f3wn\u0105 Zielonej Linii pod adresem zielonalinia.gov.pl a nastepnie kliknij przycisk &#8222;Zam\u00f3w rozmow\u0119 w j\u0119zyku migowym&#8221; dost\u0119pny na g\u00f3rze strony.<\/p>\n","protected":false},"author":1,"featured_media":0,"parent":0,"menu_order":0,"comment_status":"closed","ping_status":"closed","template":"","meta":{"footnotes":""},"class_list":["post-988","page","type-page","status-publish","hentry"],"_links":{"self":[{"href":"http:\/\/zl.ohp.pl\/zl-migowy\/index.php\/wp-json\/wp\/v2\/pages\/988","targetHints":{"allow":["GET"]}}],"collection":[{"href":"http:\/\/zl.ohp.pl\/zl-migowy\/index.php\/wp-json\/wp\/v2\/pages"}],"about":[{"href":"http:\/\/zl.ohp.pl\/zl-migowy\/index.php\/wp-json\/wp\/v2\/types\/page"}],"author":[{"embeddable":true,"href":"http:\/\/zl.ohp.pl\/zl-migowy\/index.php\/wp-json\/wp\/v2\/users\/1"}],"replies":[{"embeddable":true,"href":"http:\/\/zl.ohp.pl\/zl-migowy\/index.php\/wp-json\/wp\/v2\/comments?post=988"}],"version-history":[{"count":4,"href":"http:\/\/zl.ohp.pl\/zl-migowy\/index.php\/wp-json\/wp\/v2\/pages\/988\/revisions"}],"predecessor-version":[{"id":993,"href":"http:\/\/zl.ohp.pl\/zl-migowy\/index.php\/wp-json\/wp\/v2\/pages\/988\/revisions\/993"}],"wp:attachment":[{"href":"http:\/\/zl.ohp.pl\/zl-migowy\/index.php\/wp-json\/wp\/v2\/media?parent=988"}],"curies":[{"name":"wp","href":"https:\/\/api.w.org\/{rel}","templated":true}]}}